{"id":387,"date":"2024-07-01T17:28:44","date_gmt":"2024-07-01T21:28:44","guid":{"rendered":"https:\/\/steelblue-dotterel-416190.hostingersite.com\/?page_id=387"},"modified":"2025-08-27T23:03:08","modified_gmt":"2025-08-27T21:03:08","slug":"servicios","status":"publish","type":"page","link":"https:\/\/pulsarpatagonia.com\/index.php\/servicios\/","title":{"rendered":"SERVICIOS"},"content":{"rendered":"\t\t<div data-elementor-type=\"wp-page\" data-elementor-id=\"387\" class=\"elementor elementor-387\" data-elementor-post-type=\"page\">\n\t\t\t\t<div class=\"elementor-element elementor-element-0d91c09 e-flex e-con-boxed e-con e-parent\" data-id=\"0d91c09\" data-element_type=\"container\" data-settings=\"{&quot;background_background&quot;:&quot;classic&quot;}\">\n\t\t\t\t\t<div class=\"e-con-inner\">\n\t\t<div class=\"elementor-element elementor-element-068d51d e-con-full e-flex e-con e-child\" data-id=\"068d51d\" data-element_type=\"container\">\n\t\t\t\t<div class=\"elementor-element elementor-element-3771b1a elementor-widget elementor-widget-heading\" data-id=\"3771b1a\" data-element_type=\"widget\" data-widget_type=\"heading.default\">\n\t\t\t\t<div class=\"elementor-widget-container\">\n\t\t\t\t\t<h1 class=\"elementor-heading-title elementor-size-default\">Nuestros Servicios<\/h1>\t\t\t\t<\/div>\n\t\t\t\t<\/div>\n\t\t\t\t<\/div>\n\t\t\t\t\t<\/div>\n\t\t\t\t<\/div>\n\t\t<div class=\"elementor-element elementor-element-2d12dbe e-grid e-con-boxed e-con e-parent\" data-id=\"2d12dbe\" data-element_type=\"container\">\n\t\t\t\t\t<div class=\"e-con-inner\">\n\t\t\t\t<div class=\"elementor-element elementor-element-167f168 elementor-widget elementor-widget-text-editor\" data-id=\"167f168\" data-element_type=\"widget\" data-widget_type=\"text-editor.default\">\n\t\t\t\t<div class=\"elementor-widget-container\">\n\t\t\t\t\t\t\t\t\t<p data-start=\"224\" data-end=\"350\">\u00a0<\/p><p data-start=\"224\" data-end=\"350\">En <strong data-start=\"227\" data-end=\"247\">Pulsar Patagonia<\/strong>, impulsamos el crecimiento y la eficiencia de nuestros clientes a trav\u00e9s de tres \u00e1reas estrat\u00e9gicas:<\/p><ul data-start=\"352\" data-end=\"791\"><li data-start=\"352\" data-end=\"488\"><p data-start=\"354\" data-end=\"488\"><strong data-start=\"354\" data-end=\"383\">Inversiones Estrat\u00e9gicas:<\/strong> gestionamos y diversificamos capital en proyectos con alto potencial de rentabilidad y sostenibilidad.<\/p><\/li><li data-start=\"489\" data-end=\"636\"><p data-start=\"491\" data-end=\"636\"><strong data-start=\"491\" data-end=\"523\">Gesti\u00f3n de Bienes y Activos:<\/strong> administraci\u00f3n integral de propiedades y recursos para maximizar su valor y asegurar su \u00f3ptimo funcionamiento.<\/p><\/li><li data-start=\"637\" data-end=\"791\"><p data-start=\"639\" data-end=\"791\"><strong data-start=\"639\" data-end=\"678\">Servicios Generales Especializados:<\/strong> soluciones adaptadas a necesidades espec\u00edficas, incluyendo mantenimiento, reformas y soporte t\u00e9cnico integral.<\/p><\/li><\/ul>\t\t\t\t\t\t\t\t<\/div>\n\t\t\t\t<\/div>\n\t\t\t\t<div class=\"elementor-element elementor-element-f3432a9 elementor-widget elementor-widget-text-editor\" data-id=\"f3432a9\" data-element_type=\"widget\" data-widget_type=\"text-editor.default\">\n\t\t\t\t<div class=\"elementor-widget-container\">\n\t\t\t\t\t\t\t\t\t<p>En <strong data-start=\"796\" data-end=\"816\">Pulsar Patagonia<\/strong>, combinamos experiencia, visi\u00f3n estrat\u00e9gica y compromiso para ofrecer soluciones a medida. Nuestro enfoque multidisciplinario nos permite identificar oportunidades, minimizar riesgos y generar valor sostenido. Trabajamos con profesionalismo y cercan\u00eda para garantizar resultados excepcionales en cada proyecto.<\/p>\t\t\t\t\t\t\t\t<\/div>\n\t\t\t\t<\/div>\n\t\t\t\t\t<\/div>\n\t\t\t\t<\/div>\n\t\t<div class=\"elementor-element elementor-element-d9a60a8 e-flex e-con-boxed e-con e-parent\" data-id=\"d9a60a8\" data-element_type=\"container\">\n\t\t\t\t\t<div class=\"e-con-inner\">\n\t\t<div class=\"elementor-element elementor-element-4751d35 e-con-full e-flex e-con e-child\" data-id=\"4751d35\" data-element_type=\"container\">\n\t\t\t\t<div class=\"elementor-element elementor-element-76b441d elementor-widget elementor-widget-heading\" data-id=\"76b441d\" data-element_type=\"widget\" data-widget_type=\"heading.default\">\n\t\t\t\t<div class=\"elementor-widget-container\">\n\t\t\t\t\t<h1 class=\"elementor-heading-title elementor-size-default\">Algunas Fotograf\u00edas<\/h1>\t\t\t\t<\/div>\n\t\t\t\t<\/div>\n\t\t\t\t<\/div>\n\t\t\t\t<div class=\"elementor-element elementor-element-420ddee elementor-widget elementor-widget-gallery\" data-id=\"420ddee\" data-element_type=\"widget\" data-settings=\"{&quot;gallery_layout&quot;:&quot;masonry&quot;,&quot;columns&quot;:3,&quot;gap&quot;:{&quot;unit&quot;:&quot;px&quot;,&quot;size&quot;:20,&quot;sizes&quot;:[]},&quot;lazyload&quot;:&quot;yes&quot;,&quot;columns_tablet&quot;:2,&quot;columns_mobile&quot;:1,&quot;gap_tablet&quot;:{&quot;unit&quot;:&quot;px&quot;,&quot;size&quot;:10,&quot;sizes&quot;:[]},&quot;gap_mobile&quot;:{&quot;unit&quot;:&quot;px&quot;,&quot;size&quot;:10,&quot;sizes&quot;:[]},&quot;link_to&quot;:&quot;file&quot;,&quot;overlay_background&quot;:&quot;yes&quot;,&quot;content_hover_animation&quot;:&quot;fade-in&quot;}\" data-widget_type=\"gallery.default\">\n\t\t\t\t<div class=\"elementor-widget-container\">\n\t\t\t\t\t\t\t<div class=\"elementor-gallery__container\">\n\t\t\t\t\t\t\t<a class=\"e-gallery-item elementor-gallery-item elementor-animated-content\" href=\"https:\/\/pulsarpatagonia.com\/wp-content\/uploads\/2025\/08\/Sin-t-25-0006.png\" data-elementor-open-lightbox=\"yes\" data-elementor-lightbox-slideshow=\"420ddee\" data-elementor-lightbox-title=\"Sin-t-25-0006\" data-e-action-hash=\"#elementor-action%3Aaction%3Dlightbox%26settings%3DeyJpZCI6MjM4OSwidXJsIjoiaHR0cHM6XC9cL3B1bHNhcnBhdGFnb25pYS5jb21cL3dwLWNvbnRlbnRcL3VwbG9hZHNcLzIwMjVcLzA4XC9TaW4tdC0yNS0wMDA2LnBuZyIsInNsaWRlc2hvdyI6IjQyMGRkZWUifQ%3D%3D\">\n\t\t\t\t\t<div class=\"e-gallery-image elementor-gallery-item__image\" data-thumbnail=\"https:\/\/pulsarpatagonia.com\/wp-content\/uploads\/2025\/08\/Sin-t-25-0006-300x225.png\" data-width=\"300\" data-height=\"225\" aria-label=\"\" role=\"img\" ><\/div>\n\t\t\t\t\t\t\t\t\t\t\t<div class=\"elementor-gallery-item__overlay\"><\/div>\n\t\t\t\t\t\t\t\t\t\t\t\t\t\t<\/a>\n\t\t\t\t\t\t\t<a class=\"e-gallery-item elementor-gallery-item elementor-animated-content\" href=\"https:\/\/pulsarpatagonia.com\/wp-content\/uploads\/2025\/08\/Sin-t-25-0005.png\" data-elementor-open-lightbox=\"yes\" data-elementor-lightbox-slideshow=\"420ddee\" data-elementor-lightbox-title=\"Sin-t-25-0005\" data-e-action-hash=\"#elementor-action%3Aaction%3Dlightbox%26settings%3DeyJpZCI6MjM4OCwidXJsIjoiaHR0cHM6XC9cL3B1bHNhcnBhdGFnb25pYS5jb21cL3dwLWNvbnRlbnRcL3VwbG9hZHNcLzIwMjVcLzA4XC9TaW4tdC0yNS0wMDA1LnBuZyIsInNsaWRlc2hvdyI6IjQyMGRkZWUifQ%3D%3D\">\n\t\t\t\t\t<div class=\"e-gallery-image elementor-gallery-item__image\" data-thumbnail=\"https:\/\/pulsarpatagonia.com\/wp-content\/uploads\/2025\/08\/Sin-t-25-0005-300x225.png\" data-width=\"300\" data-height=\"225\" aria-label=\"\" role=\"img\" ><\/div>\n\t\t\t\t\t\t\t\t\t\t\t<div class=\"elementor-gallery-item__overlay\"><\/div>\n\t\t\t\t\t\t\t\t\t\t\t\t\t\t<\/a>\n\t\t\t\t\t\t\t<a class=\"e-gallery-item elementor-gallery-item elementor-animated-content\" href=\"https:\/\/pulsarpatagonia.com\/wp-content\/uploads\/2025\/08\/Sin-t-25-0004.png\" data-elementor-open-lightbox=\"yes\" data-elementor-lightbox-slideshow=\"420ddee\" data-elementor-lightbox-title=\"Sin-t-25-0004\" data-e-action-hash=\"#elementor-action%3Aaction%3Dlightbox%26settings%3DeyJpZCI6MjM4NywidXJsIjoiaHR0cHM6XC9cL3B1bHNhcnBhdGFnb25pYS5jb21cL3dwLWNvbnRlbnRcL3VwbG9hZHNcLzIwMjVcLzA4XC9TaW4tdC0yNS0wMDA0LnBuZyIsInNsaWRlc2hvdyI6IjQyMGRkZWUifQ%3D%3D\">\n\t\t\t\t\t<div class=\"e-gallery-image elementor-gallery-item__image\" data-thumbnail=\"https:\/\/pulsarpatagonia.com\/wp-content\/uploads\/2025\/08\/Sin-t-25-0004-300x225.png\" data-width=\"300\" data-height=\"225\" aria-label=\"\" role=\"img\" ><\/div>\n\t\t\t\t\t\t\t\t\t\t\t<div class=\"elementor-gallery-item__overlay\"><\/div>\n\t\t\t\t\t\t\t\t\t\t\t\t\t\t<\/a>\n\t\t\t\t\t\t\t<a class=\"e-gallery-item elementor-gallery-item elementor-animated-content\" href=\"https:\/\/pulsarpatagonia.com\/wp-content\/uploads\/2025\/08\/Sin-t-25-0003.png\" data-elementor-open-lightbox=\"yes\" data-elementor-lightbox-slideshow=\"420ddee\" data-elementor-lightbox-title=\"Sin-t-25-0003\" data-e-action-hash=\"#elementor-action%3Aaction%3Dlightbox%26settings%3DeyJpZCI6MjM4NiwidXJsIjoiaHR0cHM6XC9cL3B1bHNhcnBhdGFnb25pYS5jb21cL3dwLWNvbnRlbnRcL3VwbG9hZHNcLzIwMjVcLzA4XC9TaW4tdC0yNS0wMDAzLnBuZyIsInNsaWRlc2hvdyI6IjQyMGRkZWUifQ%3D%3D\">\n\t\t\t\t\t<div class=\"e-gallery-image elementor-gallery-item__image\" data-thumbnail=\"https:\/\/pulsarpatagonia.com\/wp-content\/uploads\/2025\/08\/Sin-t-25-0003-300x225.png\" data-width=\"300\" data-height=\"225\" aria-label=\"\" role=\"img\" ><\/div>\n\t\t\t\t\t\t\t\t\t\t\t<div class=\"elementor-gallery-item__overlay\"><\/div>\n\t\t\t\t\t\t\t\t\t\t\t\t\t\t<\/a>\n\t\t\t\t\t\t\t<a class=\"e-gallery-item elementor-gallery-item elementor-animated-content\" href=\"https:\/\/pulsarpatagonia.com\/wp-content\/uploads\/2025\/08\/Sin-t-25-0002.png\" data-elementor-open-lightbox=\"yes\" data-elementor-lightbox-slideshow=\"420ddee\" data-elementor-lightbox-title=\"Sin-t-25-0002\" data-e-action-hash=\"#elementor-action%3Aaction%3Dlightbox%26settings%3DeyJpZCI6MjM4NSwidXJsIjoiaHR0cHM6XC9cL3B1bHNhcnBhdGFnb25pYS5jb21cL3dwLWNvbnRlbnRcL3VwbG9hZHNcLzIwMjVcLzA4XC9TaW4tdC0yNS0wMDAyLnBuZyIsInNsaWRlc2hvdyI6IjQyMGRkZWUifQ%3D%3D\">\n\t\t\t\t\t<div class=\"e-gallery-image elementor-gallery-item__image\" data-thumbnail=\"https:\/\/pulsarpatagonia.com\/wp-content\/uploads\/2025\/08\/Sin-t-25-0002-300x225.png\" data-width=\"300\" data-height=\"225\" aria-label=\"\" role=\"img\" ><\/div>\n\t\t\t\t\t\t\t\t\t\t\t<div class=\"elementor-gallery-item__overlay\"><\/div>\n\t\t\t\t\t\t\t\t\t\t\t\t\t\t<\/a>\n\t\t\t\t\t\t\t<a class=\"e-gallery-item elementor-gallery-item elementor-animated-content\" href=\"https:\/\/pulsarpatagonia.com\/wp-content\/uploads\/2025\/08\/Sin-t-25-0001.png\" data-elementor-open-lightbox=\"yes\" data-elementor-lightbox-slideshow=\"420ddee\" data-elementor-lightbox-title=\"Sin-t-25-0001\" data-e-action-hash=\"#elementor-action%3Aaction%3Dlightbox%26settings%3DeyJpZCI6MjM4NCwidXJsIjoiaHR0cHM6XC9cL3B1bHNhcnBhdGFnb25pYS5jb21cL3dwLWNvbnRlbnRcL3VwbG9hZHNcLzIwMjVcLzA4XC9TaW4tdC0yNS0wMDAxLnBuZyIsInNsaWRlc2hvdyI6IjQyMGRkZWUifQ%3D%3D\">\n\t\t\t\t\t<div class=\"e-gallery-image elementor-gallery-item__image\" data-thumbnail=\"https:\/\/pulsarpatagonia.com\/wp-content\/uploads\/2025\/08\/Sin-t-25-0001-300x225.png\" data-width=\"300\" data-height=\"225\" aria-label=\"\" role=\"img\" ><\/div>\n\t\t\t\t\t\t\t\t\t\t\t<div class=\"elementor-gallery-item__overlay\"><\/div>\n\t\t\t\t\t\t\t\t\t\t\t\t\t\t<\/a>\n\t\t\t\t\t<\/div>\n\t\t\t\t\t<\/div>\n\t\t\t\t<\/div>\n\t\t\t\t<div class=\"elementor-element elementor-element-f0abe38 elementor-widget elementor-widget-gallery\" data-id=\"f0abe38\" data-element_type=\"widget\" data-settings=\"{&quot;gallery_layout&quot;:&quot;masonry&quot;,&quot;gap&quot;:{&quot;unit&quot;:&quot;px&quot;,&quot;size&quot;:20,&quot;sizes&quot;:[]},&quot;columns&quot;:3,&quot;columns_tablet&quot;:2,&quot;columns_mobile&quot;:1,&quot;gap_tablet&quot;:{&quot;unit&quot;:&quot;px&quot;,&quot;size&quot;:10,&quot;sizes&quot;:[]},&quot;gap_mobile&quot;:{&quot;unit&quot;:&quot;px&quot;,&quot;size&quot;:10,&quot;sizes&quot;:[]},&quot;link_to&quot;:&quot;file&quot;,&quot;overlay_background&quot;:&quot;yes&quot;,&quot;content_hover_animation&quot;:&quot;fade-in&quot;}\" data-widget_type=\"gallery.default\">\n\t\t\t\t<div class=\"elementor-widget-container\">\n\t\t\t\t\t\t\t<div class=\"elementor-gallery__container\">\n\t\t\t\t\t<\/div>\n\t\t\t\t\t<\/div>\n\t\t\t\t<\/div>\n\t\t\t\t\t<\/div>\n\t\t\t\t<\/div>\n\t\t<div class=\"elementor-element elementor-element-718152d e-flex e-con-boxed e-con e-parent\" data-id=\"718152d\" data-element_type=\"container\">\n\t\t\t\t\t<div class=\"e-con-inner\">\n\t\t\t\t<div class=\"elementor-element elementor-element-ee89e32 elementor-widget elementor-widget-text-editor\" data-id=\"ee89e32\" data-element_type=\"widget\" data-widget_type=\"text-editor.default\">\n\t\t\t\t<div class=\"elementor-widget-container\">\n\t\t\t\t\t\t\t\t\t<p style=\"text-align: center;\"><strong>Market Insights \u2013 Chile<\/strong><\/p><p style=\"text-align: center;\">Monitoreamos los principales indicadores econ\u00f3micos y financieros de Chile para respaldar decisiones informadas y un crecimiento sostenible en la regi\u00f3n.<\/p>\t\t\t\t\t\t\t\t<\/div>\n\t\t\t\t<\/div>\n\t\t\t\t<div class=\"elementor-element elementor-element-72644fd elementor-widget elementor-widget-html\" data-id=\"72644fd\" data-element_type=\"widget\" data-widget_type=\"html.default\">\n\t\t\t\t<div class=\"elementor-widget-container\">\n\t\t\t\t\t<!-- Ticker Tape Chile -->\r\n<script src=\"https:\/\/s3.tradingview.com\/external-embedding\/embed-widget-ticker-tape.js\">{\r\n  \"symbols\": [\r\n    {\"proName\":\"FX_IDC:USDCLP\",\"title\":\"USD\/CLP\"},\r\n    {\"proName\":\"BCS:IPSA\",\"title\":\"Santiago Stock Exchange IPSA\"},\r\n    {\"proName\":\"TVC:COPPER\",\"title\":\"Copper Futures\"}\r\n  ],\r\n  \"colorTheme\":\"dark\",\r\n  \"isTransparent\":false,\r\n  \"displayMode\":\"adaptive\",\r\n  \"locale\":\"en\"\r\n}<\/script>\r\n\r\n<!-- Gr\u00e1fico USD\/CLP -->\r\n<div class=\"tradingview-widget-container\">\r\n  <div id=\"tradingview_clp\"><\/div>\r\n  <script src=\"https:\/\/s3.tradingview.com\/tv.js\"><\/script>\r\n  <script>\r\n    new TradingView.widget({\r\n      \"container_id\": \"tradingview_clp\",\r\n      \"width\": \"100%\",\r\n      \"height\": 480,\r\n      \"symbol\": \"FX_IDC:USDCLP\",   \/\/ Tipo de cambio peso chileno\r\n      \"interval\": \"D\",\r\n      \"timezone\": \"Etc\/UTC\",\r\n      \"theme\": \"dark\",\r\n      \"style\": \"1\",\r\n      \"locale\": \"en\",\r\n      \"withdateranges\": true\r\n    });\r\n  <\/script>\r\n<\/div>\r\n\t\t\t\t<\/div>\n\t\t\t\t<\/div>\n\t\t\t\t<div class=\"elementor-element elementor-element-254a7d7 elementor-widget elementor-widget-text-editor\" data-id=\"254a7d7\" data-element_type=\"widget\" data-widget_type=\"text-editor.default\">\n\t\t\t\t<div class=\"elementor-widget-container\">\n\t\t\t\t\t\t\t\t\t<p style=\"text-align: center;\">Datos provistos por TradingView. Los gr\u00e1ficos reflejan en tiempo real la evoluci\u00f3n de los mercados chilenos y de la econom\u00eda regional.<\/p>\t\t\t\t\t\t\t\t<\/div>\n\t\t\t\t<\/div>\n\t\t\t\t\t<\/div>\n\t\t\t\t<\/div>\n\t\t<div class=\"elementor-element elementor-element-c64a1e6 e-flex e-con-boxed e-con e-parent\" data-id=\"c64a1e6\" data-element_type=\"container\">\n\t\t\t\t\t<div class=\"e-con-inner\">\n\t\t\t\t<div class=\"elementor-element elementor-element-d91d05e elementor-widget elementor-widget-html\" data-id=\"d91d05e\" data-element_type=\"widget\" data-widget_type=\"html.default\">\n\t\t\t\t<div class=\"elementor-widget-container\">\n\t\t\t\t\t<iframe src=\"https:\/\/www.google.com\/maps\/embed?pb=!1m18!1m12!1m3!1d3330.596507893113!2d-70.56914731738739!3d-33.40768950483696!2m3!1f0!2f0!3f0!3m2!1i1024!2i768!4f13.1!3m3!1m2!1s0x9662cedd055076cd%3A0x1c967918b99c12e5!2sAv.%20Apoquindo%206410%2C%207560903%20Las%20Condes%2C%20Regi%C3%B3n%20Metropolitana%2C%20Chile!5e0!3m2!1ses-419!2ses!4v1755298242579!5m2!1ses-419!2ses\" width=\"600\" height=\"450\" style=\"border:0;\" allowfullscreen=\"\" loading=\"lazy\" referrerpolicy=\"no-referrer-when-downgrade\"><\/iframe>\t\t\t\t<\/div>\n\t\t\t\t<\/div>\n\t\t\t\t\t<\/div>\n\t\t\t\t<\/div>\n\t\t<div class=\"elementor-element elementor-element-546feaf e-grid e-con-full elementor-hidden-mobile e-con e-parent\" data-id=\"546feaf\" data-element_type=\"container\">\n\t\t\t\t<div class=\"elementor-element elementor-element-00c357c elementor-widget elementor-widget-image\" data-id=\"00c357c\" data-element_type=\"widget\" data-widget_type=\"image.default\">\n\t\t\t\t<div class=\"elementor-widget-container\">\n\t\t\t\t\t\t\t\t\t\t\t\t\t\t\t<img fetchpriority=\"high\" decoding=\"async\" width=\"360\" height=\"603\" src=\"https:\/\/pulsarpatagonia.com\/wp-content\/uploads\/2025\/08\/cropped_city_1.png\" class=\"attachment-large size-large wp-image-2354\" alt=\"\" srcset=\"https:\/\/pulsarpatagonia.com\/wp-content\/uploads\/2025\/08\/cropped_city_1.png 360w, https:\/\/pulsarpatagonia.com\/wp-content\/uploads\/2025\/08\/cropped_city_1-179x300.png 179w\" sizes=\"(max-width: 360px) 100vw, 360px\" \/>\t\t\t\t\t\t\t\t\t\t\t\t\t\t\t<\/div>\n\t\t\t\t<\/div>\n\t\t\t\t<div class=\"elementor-element elementor-element-42bdbc2 elementor-widget elementor-widget-image\" data-id=\"42bdbc2\" data-element_type=\"widget\" data-widget_type=\"image.default\">\n\t\t\t\t<div class=\"elementor-widget-container\">\n\t\t\t\t\t\t\t\t\t\t\t\t\t\t\t<img decoding=\"async\" width=\"360\" height=\"603\" src=\"https:\/\/pulsarpatagonia.com\/wp-content\/uploads\/2025\/08\/cropped_city_2.png\" class=\"attachment-large size-large wp-image-2355\" alt=\"\" srcset=\"https:\/\/pulsarpatagonia.com\/wp-content\/uploads\/2025\/08\/cropped_city_2.png 360w, https:\/\/pulsarpatagonia.com\/wp-content\/uploads\/2025\/08\/cropped_city_2-179x300.png 179w\" sizes=\"(max-width: 360px) 100vw, 360px\" \/>\t\t\t\t\t\t\t\t\t\t\t\t\t\t\t<\/div>\n\t\t\t\t<\/div>\n\t\t\t\t<div class=\"elementor-element elementor-element-1b63fcb elementor-widget elementor-widget-image\" data-id=\"1b63fcb\" data-element_type=\"widget\" data-widget_type=\"image.default\">\n\t\t\t\t<div class=\"elementor-widget-container\">\n\t\t\t\t\t\t\t\t\t\t\t\t\t\t\t<img decoding=\"async\" width=\"360\" height=\"603\" src=\"https:\/\/pulsarpatagonia.com\/wp-content\/uploads\/2025\/08\/cropped_city_3.png\" class=\"attachment-large size-large wp-image-2356\" alt=\"\" srcset=\"https:\/\/pulsarpatagonia.com\/wp-content\/uploads\/2025\/08\/cropped_city_3.png 360w, https:\/\/pulsarpatagonia.com\/wp-content\/uploads\/2025\/08\/cropped_city_3-179x300.png 179w\" sizes=\"(max-width: 360px) 100vw, 360px\" \/>\t\t\t\t\t\t\t\t\t\t\t\t\t\t\t<\/div>\n\t\t\t\t<\/div>\n\t\t\t\t<div class=\"elementor-element elementor-element-cf38932 elementor-widget elementor-widget-image\" data-id=\"cf38932\" data-element_type=\"widget\" data-widget_type=\"image.default\">\n\t\t\t\t<div class=\"elementor-widget-container\">\n\t\t\t\t\t\t\t\t\t\t\t\t\t\t\t<img loading=\"lazy\" decoding=\"async\" width=\"360\" height=\"603\" src=\"https:\/\/pulsarpatagonia.com\/wp-content\/uploads\/2025\/08\/cropped_city_4.png\" class=\"attachment-large size-large wp-image-2357\" alt=\"\" srcset=\"https:\/\/pulsarpatagonia.com\/wp-content\/uploads\/2025\/08\/cropped_city_4.png 360w, https:\/\/pulsarpatagonia.com\/wp-content\/uploads\/2025\/08\/cropped_city_4-179x300.png 179w\" sizes=\"(max-width: 360px) 100vw, 360px\" \/>\t\t\t\t\t\t\t\t\t\t\t\t\t\t\t<\/div>\n\t\t\t\t<\/div>\n\t\t\t\t<div class=\"elementor-element elementor-element-8494fea elementor-widget elementor-widget-image\" data-id=\"8494fea\" data-element_type=\"widget\" data-widget_type=\"image.default\">\n\t\t\t\t<div class=\"elementor-widget-container\">\n\t\t\t\t\t\t\t\t\t\t\t\t\t\t\t<img loading=\"lazy\" decoding=\"async\" width=\"360\" height=\"603\" src=\"https:\/\/pulsarpatagonia.com\/wp-content\/uploads\/2025\/08\/cropped_city_5.png\" class=\"attachment-large size-large wp-image-2358\" alt=\"\" srcset=\"https:\/\/pulsarpatagonia.com\/wp-content\/uploads\/2025\/08\/cropped_city_5.png 360w, https:\/\/pulsarpatagonia.com\/wp-content\/uploads\/2025\/08\/cropped_city_5-179x300.png 179w\" sizes=\"(max-width: 360px) 100vw, 360px\" \/>\t\t\t\t\t\t\t\t\t\t\t\t\t\t\t<\/div>\n\t\t\t\t<\/div>\n\t\t\t\t<\/div>\n\t\t\t\t<\/div>\n\t\t","protected":false},"excerpt":{"rendered":"<p>Nuestros Servicios \u00a0 En Pulsar Patagonia, impulsamos el crecimiento y la eficiencia de nuestros clientes a trav\u00e9s de tres \u00e1reas estrat\u00e9gicas: Inversiones Estrat\u00e9gicas: gestionamos y diversificamos capital en proyectos con alto potencial de rentabilidad y sostenibilidad. Gesti\u00f3n de Bienes y Activos: administraci\u00f3n integral de propiedades y recursos para maximizar su valor y asegurar su \u00f3ptimo [&hellip;]<\/p>\n","protected":false},"author":2,"featured_media":0,"parent":0,"menu_order":0,"comment_status":"closed","ping_status":"closed","template":"","meta":{"footnotes":""},"class_list":["post-387","page","type-page","status-publish","hentry"],"_links":{"self":[{"href":"https:\/\/pulsarpatagonia.com\/index.php\/wp-json\/wp\/v2\/pages\/387","targetHints":{"allow":["GET"]}}],"collection":[{"href":"https:\/\/pulsarpatagonia.com\/index.php\/wp-json\/wp\/v2\/pages"}],"about":[{"href":"https:\/\/pulsarpatagonia.com\/index.php\/wp-json\/wp\/v2\/types\/page"}],"author":[{"embeddable":true,"href":"https:\/\/pulsarpatagonia.com\/index.php\/wp-json\/wp\/v2\/users\/2"}],"replies":[{"embeddable":true,"href":"https:\/\/pulsarpatagonia.com\/index.php\/wp-json\/wp\/v2\/comments?post=387"}],"version-history":[{"count":153,"href":"https:\/\/pulsarpatagonia.com\/index.php\/wp-json\/wp\/v2\/pages\/387\/revisions"}],"predecessor-version":[{"id":2423,"href":"https:\/\/pulsarpatagonia.com\/index.php\/wp-json\/wp\/v2\/pages\/387\/revisions\/2423"}],"wp:attachment":[{"href":"https:\/\/pulsarpatagonia.com\/index.php\/wp-json\/wp\/v2\/media?parent=387"}],"curies":[{"name":"wp","href":"https:\/\/api.w.org\/{rel}","templated":true}]}}