{"id":32,"date":"2023-11-03T05:07:45","date_gmt":"2023-11-03T04:07:45","guid":{"rendered":"https:\/\/steelblue-dotterel-416190.hostingersite.com\/?page_id=32"},"modified":"2025-08-27T23:48:44","modified_gmt":"2025-08-27T21:48:44","slug":"nosotros","status":"publish","type":"page","link":"https:\/\/pulsarpatagonia.com\/index.php\/nosotros\/","title":{"rendered":"NOSOTROS"},"content":{"rendered":"\t\t<div data-elementor-type=\"wp-page\" data-elementor-id=\"32\" class=\"elementor elementor-32\" data-elementor-post-type=\"page\">\n\t\t\t\t<div class=\"elementor-element elementor-element-43c6b76 e-flex e-con-boxed e-con e-parent\" data-id=\"43c6b76\" data-element_type=\"container\" data-settings=\"{&quot;background_background&quot;:&quot;classic&quot;}\">\n\t\t\t\t\t<div class=\"e-con-inner\">\n\t\t<div class=\"elementor-element elementor-element-bcd0fb7 e-con-full e-flex e-con e-child\" data-id=\"bcd0fb7\" data-element_type=\"container\">\n\t\t\t\t<div class=\"elementor-element elementor-element-5c8bff4 elementor-widget elementor-widget-heading\" data-id=\"5c8bff4\" data-element_type=\"widget\" data-widget_type=\"heading.default\">\n\t\t\t\t<div class=\"elementor-widget-container\">\n\t\t\t\t\t<h1 class=\"elementor-heading-title elementor-size-default\">Nosotros<\/h1>\t\t\t\t<\/div>\n\t\t\t\t<\/div>\n\t\t\t\t<\/div>\n\t\t\t\t\t<\/div>\n\t\t\t\t<\/div>\n\t\t<div class=\"elementor-element elementor-element-29efdf0 e-grid e-con-boxed e-con e-parent\" data-id=\"29efdf0\" data-element_type=\"container\">\n\t\t\t\t\t<div class=\"e-con-inner\">\n\t\t\t\t<div class=\"elementor-element elementor-element-4f91c35 elementor-widget elementor-widget-text-editor\" data-id=\"4f91c35\" data-element_type=\"widget\" data-widget_type=\"text-editor.default\">\n\t\t\t\t<div class=\"elementor-widget-container\">\n\t\t\t\t\t\t\t\t\t<p data-start=\"212\" data-end=\"228\">\u00a0<\/p><p data-start=\"212\" data-end=\"228\"><strong data-start=\"216\" data-end=\"226\">Misi\u00f3n<\/strong><\/p><p data-start=\"229\" data-end=\"588\">En <strong data-start=\"232\" data-end=\"252\">Pulsar Patagonia<\/strong>, nuestra misi\u00f3n es generar valor sostenible a trav\u00e9s de inversiones estrat\u00e9gicas, gesti\u00f3n eficiente de bienes y la entrega de servicios integrales. Buscamos acompa\u00f1ar a nuestros clientes en cada etapa, ofreciendo soluciones confiables, rentables y adaptadas a sus necesidades, siempre con un compromiso de transparencia y excelencia.<\/p>\t\t\t\t\t\t\t\t<\/div>\n\t\t\t\t<\/div>\n\t\t\t\t<div class=\"elementor-element elementor-element-320c91b elementor-widget elementor-widget-text-editor\" data-id=\"320c91b\" data-element_type=\"widget\" data-widget_type=\"text-editor.default\">\n\t\t\t\t<div class=\"elementor-widget-container\">\n\t\t\t\t\t\t\t\t\t<p data-start=\"595\" data-end=\"611\"><strong data-start=\"599\" data-end=\"609\">Visi\u00f3n<\/strong><\/p><p data-start=\"612\" data-end=\"940\">Ser un referente en Latinoam\u00e9rica y mercados internacionales en el \u00e1mbito de inversiones, gesti\u00f3n de activos y servicios especializados. Aspiramos a consolidarnos como una empresa reconocida por su innovaci\u00f3n, confianza y capacidad de crear oportunidades que impulsen el crecimiento de nuestros clientes y socios estrat\u00e9gicos.<\/p>\t\t\t\t\t\t\t\t<\/div>\n\t\t\t\t<\/div>\n\t\t\t\t\t<\/div>\n\t\t\t\t<\/div>\n\t\t<div class=\"elementor-element elementor-element-2f68cc0 e-flex e-con-boxed e-con e-parent\" data-id=\"2f68cc0\" data-element_type=\"container\">\n\t\t\t\t\t<div class=\"e-con-inner\">\n\t\t\t\t<div class=\"elementor-element elementor-element-be25b65 elementor-widget elementor-widget-text-editor\" data-id=\"be25b65\" data-element_type=\"widget\" data-widget_type=\"text-editor.default\">\n\t\t\t\t<div class=\"elementor-widget-container\">\n\t\t\t\t\t\t\t\t\t<p style=\"text-align: center;\"><strong>Market Insights \u2013 Chile<\/strong><\/p><p style=\"text-align: center;\">Monitoreamos los principales indicadores econ\u00f3micos y financieros de Chile para respaldar decisiones informadas y un crecimiento sostenible en la regi\u00f3n.<\/p>\t\t\t\t\t\t\t\t<\/div>\n\t\t\t\t<\/div>\n\t\t\t\t<div class=\"elementor-element elementor-element-bb3f2e5 elementor-widget elementor-widget-html\" data-id=\"bb3f2e5\" data-element_type=\"widget\" data-widget_type=\"html.default\">\n\t\t\t\t<div class=\"elementor-widget-container\">\n\t\t\t\t\t<!-- Ticker Tape Chile -->\r\n<script src=\"https:\/\/s3.tradingview.com\/external-embedding\/embed-widget-ticker-tape.js\">{\r\n  \"symbols\": [\r\n    {\"proName\":\"FX_IDC:USDCLP\",\"title\":\"USD\/CLP\"},\r\n    {\"proName\":\"BCS:IPSA\",\"title\":\"Santiago Stock Exchange IPSA\"},\r\n    {\"proName\":\"TVC:COPPER\",\"title\":\"Copper Futures\"}\r\n  ],\r\n  \"colorTheme\":\"dark\",\r\n  \"isTransparent\":false,\r\n  \"displayMode\":\"adaptive\",\r\n  \"locale\":\"en\"\r\n}<\/script>\r\n\r\n<!-- Gr\u00e1fico USD\/CLP -->\r\n<div class=\"tradingview-widget-container\">\r\n  <div id=\"tradingview_clp\"><\/div>\r\n  <script src=\"https:\/\/s3.tradingview.com\/tv.js\"><\/script>\r\n  <script>\r\n    new TradingView.widget({\r\n      \"container_id\": \"tradingview_clp\",\r\n      \"width\": \"100%\",\r\n      \"height\": 480,\r\n      \"symbol\": \"FX_IDC:USDCLP\",   \/\/ Tipo de cambio peso chileno\r\n      \"interval\": \"D\",\r\n      \"timezone\": \"Etc\/UTC\",\r\n      \"theme\": \"dark\",\r\n      \"style\": \"1\",\r\n      \"locale\": \"en\",\r\n      \"withdateranges\": true\r\n    });\r\n  <\/script>\r\n<\/div>\r\n\t\t\t\t<\/div>\n\t\t\t\t<\/div>\n\t\t\t\t<div class=\"elementor-element elementor-element-4a528c9 elementor-widget elementor-widget-text-editor\" data-id=\"4a528c9\" data-element_type=\"widget\" data-widget_type=\"text-editor.default\">\n\t\t\t\t<div class=\"elementor-widget-container\">\n\t\t\t\t\t\t\t\t\t<p style=\"text-align: center;\">Datos provistos por TradingView. Los gr\u00e1ficos reflejan en tiempo real la evoluci\u00f3n de los mercados chilenos y de la econom\u00eda regional.<\/p>\t\t\t\t\t\t\t\t<\/div>\n\t\t\t\t<\/div>\n\t\t\t\t\t<\/div>\n\t\t\t\t<\/div>\n\t\t<div class=\"elementor-element elementor-element-2c586ea e-flex e-con-boxed e-con e-parent\" data-id=\"2c586ea\" data-element_type=\"container\">\n\t\t\t\t\t<div class=\"e-con-inner\">\n\t\t\t\t<div class=\"elementor-element elementor-element-13da4c7 elementor-widget elementor-widget-html\" data-id=\"13da4c7\" data-element_type=\"widget\" data-widget_type=\"html.default\">\n\t\t\t\t<div class=\"elementor-widget-container\">\n\t\t\t\t\t<iframe src=\"https:\/\/www.google.com\/maps\/embed?pb=!1m18!1m12!1m3!1d3330.596507893113!2d-70.56914731738739!3d-33.40768950483696!2m3!1f0!2f0!3f0!3m2!1i1024!2i768!4f13.1!3m3!1m2!1s0x9662cedd055076cd%3A0x1c967918b99c12e5!2sAv.%20Apoquindo%206410%2C%207560903%20Las%20Condes%2C%20Regi%C3%B3n%20Metropolitana%2C%20Chile!5e0!3m2!1ses-419!2ses!4v1755298242579!5m2!1ses-419!2ses\" width=\"600\" height=\"450\" style=\"border:0;\" allowfullscreen=\"\" loading=\"lazy\" referrerpolicy=\"no-referrer-when-downgrade\"><\/iframe>\t\t\t\t<\/div>\n\t\t\t\t<\/div>\n\t\t\t\t\t<\/div>\n\t\t\t\t<\/div>\n\t\t<div class=\"elementor-element elementor-element-3d59877 e-grid e-con-full elementor-hidden-mobile e-con e-parent\" data-id=\"3d59877\" data-element_type=\"container\">\n\t\t\t\t<div class=\"elementor-element elementor-element-0c16a1b elementor-widget elementor-widget-image\" data-id=\"0c16a1b\" data-element_type=\"widget\" data-widget_type=\"image.default\">\n\t\t\t\t<div class=\"elementor-widget-container\">\n\t\t\t\t\t\t\t\t\t\t\t\t\t\t\t<img fetchpriority=\"high\" decoding=\"async\" width=\"360\" height=\"603\" src=\"https:\/\/pulsarpatagonia.com\/wp-content\/uploads\/2025\/08\/cropped_city_1.png\" class=\"attachment-large size-large wp-image-2354\" alt=\"\" srcset=\"https:\/\/pulsarpatagonia.com\/wp-content\/uploads\/2025\/08\/cropped_city_1.png 360w, https:\/\/pulsarpatagonia.com\/wp-content\/uploads\/2025\/08\/cropped_city_1-179x300.png 179w\" sizes=\"(max-width: 360px) 100vw, 360px\" \/>\t\t\t\t\t\t\t\t\t\t\t\t\t\t\t<\/div>\n\t\t\t\t<\/div>\n\t\t\t\t<div class=\"elementor-element elementor-element-7842c09 elementor-widget elementor-widget-image\" data-id=\"7842c09\" data-element_type=\"widget\" data-widget_type=\"image.default\">\n\t\t\t\t<div class=\"elementor-widget-container\">\n\t\t\t\t\t\t\t\t\t\t\t\t\t\t\t<img decoding=\"async\" width=\"360\" height=\"603\" src=\"https:\/\/pulsarpatagonia.com\/wp-content\/uploads\/2025\/08\/cropped_city_2.png\" class=\"attachment-large size-large wp-image-2355\" alt=\"\" srcset=\"https:\/\/pulsarpatagonia.com\/wp-content\/uploads\/2025\/08\/cropped_city_2.png 360w, https:\/\/pulsarpatagonia.com\/wp-content\/uploads\/2025\/08\/cropped_city_2-179x300.png 179w\" sizes=\"(max-width: 360px) 100vw, 360px\" \/>\t\t\t\t\t\t\t\t\t\t\t\t\t\t\t<\/div>\n\t\t\t\t<\/div>\n\t\t\t\t<div class=\"elementor-element elementor-element-836819e elementor-widget elementor-widget-image\" data-id=\"836819e\" data-element_type=\"widget\" data-widget_type=\"image.default\">\n\t\t\t\t<div class=\"elementor-widget-container\">\n\t\t\t\t\t\t\t\t\t\t\t\t\t\t\t<img decoding=\"async\" width=\"360\" height=\"603\" src=\"https:\/\/pulsarpatagonia.com\/wp-content\/uploads\/2025\/08\/cropped_city_3.png\" class=\"attachment-large size-large wp-image-2356\" alt=\"\" srcset=\"https:\/\/pulsarpatagonia.com\/wp-content\/uploads\/2025\/08\/cropped_city_3.png 360w, https:\/\/pulsarpatagonia.com\/wp-content\/uploads\/2025\/08\/cropped_city_3-179x300.png 179w\" sizes=\"(max-width: 360px) 100vw, 360px\" \/>\t\t\t\t\t\t\t\t\t\t\t\t\t\t\t<\/div>\n\t\t\t\t<\/div>\n\t\t\t\t<div class=\"elementor-element elementor-element-385fa98 elementor-widget elementor-widget-image\" data-id=\"385fa98\" data-element_type=\"widget\" data-widget_type=\"image.default\">\n\t\t\t\t<div class=\"elementor-widget-container\">\n\t\t\t\t\t\t\t\t\t\t\t\t\t\t\t<img loading=\"lazy\" decoding=\"async\" width=\"360\" height=\"603\" src=\"https:\/\/pulsarpatagonia.com\/wp-content\/uploads\/2025\/08\/cropped_city_4.png\" class=\"attachment-large size-large wp-image-2357\" alt=\"\" srcset=\"https:\/\/pulsarpatagonia.com\/wp-content\/uploads\/2025\/08\/cropped_city_4.png 360w, https:\/\/pulsarpatagonia.com\/wp-content\/uploads\/2025\/08\/cropped_city_4-179x300.png 179w\" sizes=\"(max-width: 360px) 100vw, 360px\" \/>\t\t\t\t\t\t\t\t\t\t\t\t\t\t\t<\/div>\n\t\t\t\t<\/div>\n\t\t\t\t<div class=\"elementor-element elementor-element-ad21e82 elementor-widget elementor-widget-image\" data-id=\"ad21e82\" data-element_type=\"widget\" data-widget_type=\"image.default\">\n\t\t\t\t<div class=\"elementor-widget-container\">\n\t\t\t\t\t\t\t\t\t\t\t\t\t\t\t<img loading=\"lazy\" decoding=\"async\" width=\"360\" height=\"603\" src=\"https:\/\/pulsarpatagonia.com\/wp-content\/uploads\/2025\/08\/cropped_city_5.png\" class=\"attachment-large size-large wp-image-2358\" alt=\"\" srcset=\"https:\/\/pulsarpatagonia.com\/wp-content\/uploads\/2025\/08\/cropped_city_5.png 360w, https:\/\/pulsarpatagonia.com\/wp-content\/uploads\/2025\/08\/cropped_city_5-179x300.png 179w\" sizes=\"(max-width: 360px) 100vw, 360px\" \/>\t\t\t\t\t\t\t\t\t\t\t\t\t\t\t<\/div>\n\t\t\t\t<\/div>\n\t\t\t\t<\/div>\n\t\t\t\t<\/div>\n\t\t","protected":false},"excerpt":{"rendered":"<p>Nosotros \u00a0 Misi\u00f3n En Pulsar Patagonia, nuestra misi\u00f3n es generar valor sostenible a trav\u00e9s de inversiones estrat\u00e9gicas, gesti\u00f3n eficiente de bienes y la entrega de servicios integrales. Buscamos acompa\u00f1ar a nuestros clientes en cada etapa, ofreciendo soluciones confiables, rentables y adaptadas a sus necesidades, siempre con un compromiso de transparencia y excelencia. Visi\u00f3n Ser un [&hellip;]<\/p>\n","protected":false},"author":2,"featured_media":0,"parent":0,"menu_order":0,"comment_status":"closed","ping_status":"closed","template":"","meta":{"footnotes":""},"class_list":["post-32","page","type-page","status-publish","hentry"],"_links":{"self":[{"href":"https:\/\/pulsarpatagonia.com\/index.php\/wp-json\/wp\/v2\/pages\/32","targetHints":{"allow":["GET"]}}],"collection":[{"href":"https:\/\/pulsarpatagonia.com\/index.php\/wp-json\/wp\/v2\/pages"}],"about":[{"href":"https:\/\/pulsarpatagonia.com\/index.php\/wp-json\/wp\/v2\/types\/page"}],"author":[{"embeddable":true,"href":"https:\/\/pulsarpatagonia.com\/index.php\/wp-json\/wp\/v2\/users\/2"}],"replies":[{"embeddable":true,"href":"https:\/\/pulsarpatagonia.com\/index.php\/wp-json\/wp\/v2\/comments?post=32"}],"version-history":[{"count":125,"href":"https:\/\/pulsarpatagonia.com\/index.php\/wp-json\/wp\/v2\/pages\/32\/revisions"}],"predecessor-version":[{"id":2444,"href":"https:\/\/pulsarpatagonia.com\/index.php\/wp-json\/wp\/v2\/pages\/32\/revisions\/2444"}],"wp:attachment":[{"href":"https:\/\/pulsarpatagonia.com\/index.php\/wp-json\/wp\/v2\/media?parent=32"}],"curies":[{"name":"wp","href":"https:\/\/api.w.org\/{rel}","templated":true}]}}