{"id":2309,"date":"2025-05-12T17:20:38","date_gmt":"2025-05-12T15:20:38","guid":{"rendered":"http:\/\/pulsarpatagonia.com\/?page_id=2309"},"modified":"2025-09-26T01:39:30","modified_gmt":"2025-09-25T23:39:30","slug":"politica-de-privacidad-y-cookies","status":"publish","type":"page","link":"https:\/\/pulsarpatagonia.com\/index.php\/politica-de-privacidad-y-cookies\/","title":{"rendered":"POLITICA DE PRIVACIDAD Y COOKIES"},"content":{"rendered":"\t\t<div data-elementor-type=\"wp-page\" data-elementor-id=\"2309\" class=\"elementor elementor-2309\" data-elementor-post-type=\"page\">\n\t\t\t\t<div class=\"elementor-element elementor-element-2a4a441 e-flex e-con-boxed e-con e-parent\" data-id=\"2a4a441\" data-element_type=\"container\">\n\t\t\t\t\t<div class=\"e-con-inner\">\n\t\t\t\t<div class=\"elementor-element elementor-element-413cb1c elementor-widget elementor-widget-text-editor\" data-id=\"413cb1c\" data-element_type=\"widget\" data-widget_type=\"text-editor.default\">\n\t\t\t\t<div class=\"elementor-widget-container\">\n\t\t\t\t\t\t\t\t\t<h4><strong>Pol\u00edtica de privacidad y cookies<\/strong><\/h4>\t\t\t\t\t\t\t\t<\/div>\n\t\t\t\t<\/div>\n\t\t\t\t\t<\/div>\n\t\t\t\t<\/div>\n\t\t<div class=\"elementor-element elementor-element-0ac1347 e-flex e-con-boxed e-con e-parent\" data-id=\"0ac1347\" data-element_type=\"container\">\n\t\t\t\t\t<div class=\"e-con-inner\">\n\t\t\t\t<div class=\"elementor-element elementor-element-feb6a50 elementor-widget elementor-widget-text-editor\" data-id=\"feb6a50\" data-element_type=\"widget\" data-widget_type=\"text-editor.default\">\n\t\t\t\t<div class=\"elementor-widget-container\">\n\t\t\t\t\t\t\t\t\t<h3 data-start=\"167\" data-end=\"203\">1. Responsable del Tratamiento<\/h3>\n<p data-start=\"204\" data-end=\"407\"><strong data-start=\"204\" data-end=\"216\">Titular:<\/strong> Pulsar Patagonia<br data-start=\"309\" data-end=\"312\"><strong data-start=\"312\" data-end=\"335\">Correo electr\u00f3nico:<\/strong>&nbsp;dl_legal<a style=\"background-color: #ffffff; color: #7a7a7a;\" rel=\"noopener\" data-start=\"533\" data-end=\"557\">@pulsarpatagonia.com<\/a><br data-start=\"360\" data-end=\"363\"><strong data-start=\"363\" data-end=\"377\">Sitio web:<\/strong> <a target=\"_new\" rel=\"noopener\" data-start=\"378\" data-end=\"405\">https:\/\/pulsarpatagonia.com<\/a><\/p>\n<hr data-start=\"409\" data-end=\"412\">\n<h3 data-start=\"414\" data-end=\"467\">2. Principios Aplicados al Tratamiento de Datos<\/h3>\n<p data-start=\"468\" data-end=\"668\"><strong data-start=\"468\" data-end=\"492\">Pulsar Patagonia<\/strong>&nbsp;tratar\u00e1 los datos personales de los usuarios conforme a los principios establecidos en la <strong data-start=\"583\" data-end=\"636\">Ley N\u00b0 19.628 sobre Protecci\u00f3n de la Vida Privada<\/strong> y normativa vigente en Chile:<\/p>\n<ul data-start=\"670\" data-end=\"874\">\n<li data-start=\"670\" data-end=\"707\">\n<p data-start=\"672\" data-end=\"707\">Licitud, lealtad y transparencia.<\/p>\n<\/li>\n<li data-start=\"708\" data-end=\"739\">\n<p data-start=\"710\" data-end=\"739\">Limitaci\u00f3n de la finalidad.<\/p>\n<\/li>\n<li data-start=\"740\" data-end=\"766\">\n<p data-start=\"742\" data-end=\"766\">Minimizaci\u00f3n de datos.<\/p>\n<\/li>\n<li data-start=\"767\" data-end=\"797\">\n<p data-start=\"769\" data-end=\"797\">Exactitud y actualizaci\u00f3n.<\/p>\n<\/li>\n<li data-start=\"798\" data-end=\"839\">\n<p data-start=\"800\" data-end=\"839\">Limitaci\u00f3n del plazo de conservaci\u00f3n.<\/p>\n<\/li>\n<li data-start=\"840\" data-end=\"874\">\n<p data-start=\"842\" data-end=\"874\">Integridad y confidencialidad.<\/p>\n<\/li>\n<\/ul>\n<hr data-start=\"876\" data-end=\"879\">\n<h3 data-start=\"881\" data-end=\"911\">3. Datos que Recopilamos<\/h3>\n<p data-start=\"912\" data-end=\"1018\">Podemos recopilar y tratar datos personales proporcionados voluntariamente por los usuarios a trav\u00e9s de:<\/p>\n<ul data-start=\"1020\" data-end=\"1252\">\n<li data-start=\"1020\" data-end=\"1048\">\n<p data-start=\"1022\" data-end=\"1048\">Formularios de contacto.<\/p>\n<\/li>\n<li data-start=\"1049\" data-end=\"1092\">\n<p data-start=\"1051\" data-end=\"1092\">Suscripciones a boletines informativos.<\/p>\n<\/li>\n<li data-start=\"1093\" data-end=\"1134\">\n<p data-start=\"1095\" data-end=\"1134\">Solicitudes de servicios o consultas.<\/p>\n<\/li>\n<li data-start=\"1135\" data-end=\"1183\">\n<p data-start=\"1137\" data-end=\"1183\">Comentarios o interacciones en el sitio web.<\/p>\n<\/li>\n<li data-start=\"1184\" data-end=\"1252\">\n<p data-start=\"1186\" data-end=\"1252\">Informaci\u00f3n t\u00e9cnica y de navegaci\u00f3n recopilada mediante cookies.<\/p>\n<\/li>\n<\/ul>\n<hr data-start=\"1254\" data-end=\"1257\">\n<h3 data-start=\"1259\" data-end=\"1293\">4. Finalidad del Tratamiento<\/h3>\n<p data-start=\"1294\" data-end=\"1362\">Los datos personales se utilizar\u00e1n con las siguientes finalidades:<\/p>\n<ul data-start=\"1364\" data-end=\"1638\">\n<li data-start=\"1364\" data-end=\"1425\">\n<p data-start=\"1366\" data-end=\"1425\">Atender solicitudes, consultas y prestaci\u00f3n de servicios.<\/p>\n<\/li>\n<li data-start=\"1426\" data-end=\"1515\">\n<p data-start=\"1428\" data-end=\"1515\">Enviar comunicaciones informativas y\/o comerciales (previa autorizaci\u00f3n del usuario).<\/p>\n<\/li>\n<li data-start=\"1516\" data-end=\"1584\">\n<p data-start=\"1518\" data-end=\"1584\">Mejorar el sitio web y analizar el comportamiento de navegaci\u00f3n.<\/p>\n<\/li>\n<li data-start=\"1585\" data-end=\"1638\">\n<p data-start=\"1587\" data-end=\"1638\">Cumplir con obligaciones legales o contractuales.<\/p>\n<\/li>\n<\/ul>\n<hr data-start=\"1640\" data-end=\"1643\">\n<h3 data-start=\"1645\" data-end=\"1666\">5. Legitimaci\u00f3n<\/h3>\n<p data-start=\"1667\" data-end=\"1727\">La base legal para el tratamiento de datos se sustenta en:<\/p>\n<ul data-start=\"1729\" data-end=\"1891\">\n<li data-start=\"1729\" data-end=\"1785\">\n<p data-start=\"1731\" data-end=\"1785\">El consentimiento expl\u00edcito otorgado por el usuario.<\/p>\n<\/li>\n<li data-start=\"1786\" data-end=\"1828\">\n<p data-start=\"1788\" data-end=\"1828\">La ejecuci\u00f3n de servicios solicitados.<\/p>\n<\/li>\n<li data-start=\"1829\" data-end=\"1891\">\n<p data-start=\"1831\" data-end=\"1891\">El cumplimiento de obligaciones legales vigentes en Chile.<\/p>\n<\/li>\n<\/ul>\n<hr data-start=\"1893\" data-end=\"1896\">\n<h3 data-start=\"1898\" data-end=\"1932\">6. Conservaci\u00f3n de los Datos<\/h3>\n<p data-start=\"1933\" data-end=\"2095\">Los datos se conservar\u00e1n \u00fanicamente durante el tiempo necesario para cumplir con las finalidades descritas o mientras exista una relaci\u00f3n activa con el usuario.<\/p>\n<hr data-start=\"2097\" data-end=\"2100\">\n<h3 data-start=\"2102\" data-end=\"2135\">7. Derechos de los Usuarios<\/h3>\n<p data-start=\"2136\" data-end=\"2388\">Los usuarios podr\u00e1n ejercer sus derechos de acceso, rectificaci\u00f3n, cancelaci\u00f3n, oposici\u00f3n, limitaci\u00f3n del tratamiento y portabilidad de sus datos, enviando una solicitud a: dl_legal<a style=\"background-color: #ffffff; color: #7a7a7a;\" rel=\"noopener\" data-start=\"533\" data-end=\"557\">@pulsarpatagonia.com<\/a>, acompa\u00f1ada de un documento de identidad v\u00e1lido.<\/p>\n<hr data-start=\"2390\" data-end=\"2393\">\n<h3 data-start=\"2395\" data-end=\"2426\">8. Seguridad de los Datos<\/h3>\n<p data-start=\"2427\" data-end=\"2630\"><strong data-start=\"2427\" data-end=\"2451\">Pulsar Patagonia<\/strong>&nbsp;aplica las medidas t\u00e9cnicas y organizativas necesarias para garantizar la seguridad, confidencialidad e integridad de los datos personales, de acuerdo con la normativa vigente.<\/p>\n<hr data-start=\"2632\" data-end=\"2635\">\n<h3 data-start=\"2637\" data-end=\"2665\">9. Pol\u00edtica de Cookies<\/h3>\n<p data-start=\"2666\" data-end=\"2826\">Este sitio utiliza cookies propias y de terceros con el fin de mejorar la experiencia del usuario, analizar la navegaci\u00f3n y ofrecer contenidos personalizados.<\/p>\n<p data-start=\"2828\" data-end=\"2862\"><strong data-start=\"2828\" data-end=\"2860\">Tipos de cookies utilizadas:<\/strong><\/p>\n<ul data-start=\"2863\" data-end=\"3118\">\n<li data-start=\"2863\" data-end=\"2936\">\n<p data-start=\"2865\" data-end=\"2936\"><strong data-start=\"2865\" data-end=\"2880\">Esenciales:<\/strong> necesarias para el correcto funcionamiento del sitio.<\/p>\n<\/li>\n<li data-start=\"2937\" data-end=\"3010\">\n<p data-start=\"2939\" data-end=\"3010\"><strong data-start=\"2939\" data-end=\"2954\">Anal\u00edticas:<\/strong> recogen datos estad\u00edsticos sobre el uso y navegaci\u00f3n.<\/p>\n<\/li>\n<li data-start=\"3011\" data-end=\"3118\">\n<p data-start=\"3013\" data-end=\"3118\"><strong data-start=\"3013\" data-end=\"3031\">Publicitarias:<\/strong> muestran contenido y anuncios relevantes en funci\u00f3n de las preferencias del usuario.<\/p>\n<\/li>\n<\/ul>\n<p data-start=\"3120\" data-end=\"3273\">El usuario podr\u00e1 aceptar, rechazar o configurar las cookies desde la herramienta de consentimiento inicial o mediante la configuraci\u00f3n de su navegador.<\/p>\n<hr data-start=\"3275\" data-end=\"3278\">\n<h3 data-start=\"3280\" data-end=\"3329\">10. Jurisdicci\u00f3n y Resoluci\u00f3n de Conflictos<\/h3>\n<p data-start=\"3330\" data-end=\"3564\">Ante cualquier controversia relacionada con el tratamiento de datos personales o el uso del sitio web, las partes acuerdan someterse a la legislaci\u00f3n chilena y a la jurisdicci\u00f3n de los&nbsp;<span style=\"font-weight: bolder;\">juzgados y tribunales de Santiago de Chile<\/span>.<\/p><hr data-start=\"3275\" data-end=\"3278\" style=\"background-color: rgb(255, 255, 255);\"><h3 data-start=\"3280\" data-end=\"3329\" style=\"font-family: Roboto, sans-serif; color: rgb(122, 122, 122);\">11. \u00c1mbito Territorial<\/h3><p data-start=\"3330\" data-end=\"3564\"><span style=\"font-weight: bolder;\">Pulsar&nbsp;<\/span><span data-start=\"2427\" data-end=\"2451\" style=\"font-weight: bolder;\">Patagonia<\/span>&nbsp;es una empresa chilena que desarrolla actividades e inversiones en Chile y otros pa\u00edses de Latinoam\u00e9rica. El tratamiento de los datos personales se regir\u00e1 por la legislaci\u00f3n chilena, aplicando adem\u00e1s principios internacionales de protecci\u00f3n de datos con el fin de garantizar a todos los usuarios de la regi\u00f3n un nivel adecuado de seguridad, confidencialidad e integridad de su informaci\u00f3n.<\/p>\t\t\t\t\t\t\t\t<\/div>\n\t\t\t\t<\/div>\n\t\t\t\t\t<\/div>\n\t\t\t\t<\/div>\n\t\t\t\t<\/div>\n\t\t","protected":false},"excerpt":{"rendered":"<p>Pol\u00edtica de privacidad y cookies 1. Responsable del Tratamiento Titular: Pulsar PatagoniaCorreo electr\u00f3nico:&nbsp;dl_legal@pulsarpatagonia.comSitio web: https:\/\/pulsarpatagonia.com 2. Principios Aplicados al Tratamiento de Datos Pulsar Patagonia&nbsp;tratar\u00e1 los datos personales de los usuarios conforme a los principios establecidos en la Ley N\u00b0 19.628 sobre Protecci\u00f3n de la Vida Privada y normativa vigente en Chile: Licitud, lealtad y transparencia. [&hellip;]<\/p>\n","protected":false},"author":2,"featured_media":0,"parent":0,"menu_order":0,"comment_status":"closed","ping_status":"closed","template":"","meta":{"footnotes":""},"class_list":["post-2309","page","type-page","status-publish","hentry"],"_links":{"self":[{"href":"https:\/\/pulsarpatagonia.com\/index.php\/wp-json\/wp\/v2\/pages\/2309","targetHints":{"allow":["GET"]}}],"collection":[{"href":"https:\/\/pulsarpatagonia.com\/index.php\/wp-json\/wp\/v2\/pages"}],"about":[{"href":"https:\/\/pulsarpatagonia.com\/index.php\/wp-json\/wp\/v2\/types\/page"}],"author":[{"embeddable":true,"href":"https:\/\/pulsarpatagonia.com\/index.php\/wp-json\/wp\/v2\/users\/2"}],"replies":[{"embeddable":true,"href":"https:\/\/pulsarpatagonia.com\/index.php\/wp-json\/wp\/v2\/comments?post=2309"}],"version-history":[{"count":25,"href":"https:\/\/pulsarpatagonia.com\/index.php\/wp-json\/wp\/v2\/pages\/2309\/revisions"}],"predecessor-version":[{"id":2550,"href":"https:\/\/pulsarpatagonia.com\/index.php\/wp-json\/wp\/v2\/pages\/2309\/revisions\/2550"}],"wp:attachment":[{"href":"https:\/\/pulsarpatagonia.com\/index.php\/wp-json\/wp\/v2\/media?parent=2309"}],"curies":[{"name":"wp","href":"https:\/\/api.w.org\/{rel}","templated":true}]}}