{"id":2257,"date":"2025-05-12T16:41:55","date_gmt":"2025-05-12T14:41:55","guid":{"rendered":"http:\/\/pulsarpatagonia.com\/?page_id=2257"},"modified":"2025-09-26T01:38:25","modified_gmt":"2025-09-25T23:38:25","slug":"aviso-legal","status":"publish","type":"page","link":"https:\/\/pulsarpatagonia.com\/index.php\/aviso-legal\/","title":{"rendered":"AVISO LEGAL"},"content":{"rendered":"\t\t<div data-elementor-type=\"wp-page\" data-elementor-id=\"2257\" class=\"elementor elementor-2257\" data-elementor-post-type=\"page\">\n\t\t\t\t<div class=\"elementor-element elementor-element-1bc0efa e-flex e-con-boxed e-con e-parent\" data-id=\"1bc0efa\" data-element_type=\"container\">\n\t\t\t\t\t<div class=\"e-con-inner\">\n\t\t\t\t<div class=\"elementor-element elementor-element-f4b6049 elementor-widget elementor-widget-text-editor\" data-id=\"f4b6049\" data-element_type=\"widget\" data-widget_type=\"text-editor.default\">\n\t\t\t\t<div class=\"elementor-widget-container\">\n\t\t\t\t\t\t\t\t\t<h4><strong>Aviso Legal<\/strong><\/h4>\t\t\t\t\t\t\t\t<\/div>\n\t\t\t\t<\/div>\n\t\t\t\t\t<\/div>\n\t\t\t\t<\/div>\n\t\t<div class=\"elementor-element elementor-element-5d55f6a e-flex e-con-boxed e-con e-parent\" data-id=\"5d55f6a\" data-element_type=\"container\">\n\t\t\t\t\t<div class=\"e-con-inner\">\n\t\t\t\t<div class=\"elementor-element elementor-element-7bfa1f5 elementor-widget elementor-widget-text-editor\" data-id=\"7bfa1f5\" data-element_type=\"widget\" data-widget_type=\"text-editor.default\">\n\t\t\t\t<div class=\"elementor-widget-container\">\n\t\t\t\t\t\t\t\t\t<h3 data-start=\"172\" data-end=\"209\">1. Identificaci\u00f3n y Titularidad<\/h3>\n<p data-start=\"210\" data-end=\"375\">En cumplimiento de la legislaci\u00f3n chilena en materia de comercio electr\u00f3nico y servicios digitales, se exponen los datos identificativos del titular del sitio web:<\/p>\n<p data-start=\"377\" data-end=\"604\"><strong data-start=\"377\" data-end=\"389\">Titular:<\/strong> Pulsar Patagonia<br data-start=\"506\" data-end=\"509\"><strong data-start=\"509\" data-end=\"532\">Correo electr\u00f3nico:<\/strong>&nbsp;dl_legal<a rel=\"noopener\" data-start=\"533\" data-end=\"557\">@pulsarpatagonia.com<\/a><br data-start=\"557\" data-end=\"560\"><strong data-start=\"560\" data-end=\"574\">Sitio web:<\/strong> <a target=\"_new\" rel=\"noopener\" data-start=\"575\" data-end=\"602\">https:\/\/pulsarpatagonia.com<\/a><\/p>\n<hr data-start=\"606\" data-end=\"609\">\n<h3 data-start=\"611\" data-end=\"638\">2. Condiciones de Uso<\/h3>\n<p data-start=\"639\" data-end=\"888\">El acceso y uso de este sitio web atribuye la condici\u00f3n de <strong data-start=\"698\" data-end=\"709\">usuario<\/strong>, implicando la aceptaci\u00f3n plena y sin reservas de todas las disposiciones incluidas en este Aviso Legal, as\u00ed como en la <strong data-start=\"830\" data-end=\"856\">Pol\u00edtica de Privacidad<\/strong> y la <strong data-start=\"862\" data-end=\"885\">Pol\u00edtica de Cookies<\/strong>.<\/p>\n<p data-start=\"890\" data-end=\"1106\">El usuario se compromete a utilizar el sitio web y sus servicios de conformidad con la legislaci\u00f3n chilena vigente, la moral, las buenas costumbres y el orden p\u00fablico, as\u00ed como con lo dispuesto en este Aviso Legal.<\/p>\n<hr data-start=\"1108\" data-end=\"1111\">\n<h3 data-start=\"1113\" data-end=\"1156\">3. Propiedad Intelectual e Industrial<\/h3>\n<p data-start=\"1157\" data-end=\"1496\">Todos los contenidos del sitio web, incluyendo \u2014sin car\u00e1cter limitativo\u2014 textos, documentos, fotograf\u00edas, ilustraciones, representaciones gr\u00e1ficas, bases de datos, programas inform\u00e1ticos, logotipos, marcas, nombres comerciales y otros signos distintivos, son propiedad de <strong data-start=\"1429\" data-end=\"1453\">Pulsar Patagonia<\/strong>&nbsp;o de terceros que han autorizado su uso.<\/p>\n<p data-start=\"1498\" data-end=\"1678\">Queda prohibida la reproducci\u00f3n, distribuci\u00f3n, comunicaci\u00f3n p\u00fablica y transformaci\u00f3n, total o parcial, de los contenidos, sin la autorizaci\u00f3n expresa de <strong data-start=\"1651\" data-end=\"1675\">Pulsar Patagonia<\/strong>.<\/p>\n<hr data-start=\"1680\" data-end=\"1683\">\n<h3 data-start=\"1685\" data-end=\"1709\">4. Responsabilidad<\/h3>\n<p data-start=\"1710\" data-end=\"2027\"><strong data-start=\"1710\" data-end=\"1734\">Pulsar Patagonia<\/strong>&nbsp;no se responsabiliza de los errores u omisiones en los contenidos del sitio web ni de otros contenidos a los que se pueda acceder a trav\u00e9s del mismo, ni de los da\u00f1os derivados del uso del sitio web, ni por cualquier actuaci\u00f3n realizada sobre la base de la informaci\u00f3n que en \u00e9l se facilita.<\/p>\n<hr data-start=\"2029\" data-end=\"2032\">\n<h3 data-start=\"2034\" data-end=\"2073\">5. Protecci\u00f3n de Datos Personales<\/h3>\n<p data-start=\"2074\" data-end=\"2328\"><strong data-start=\"2074\" data-end=\"2098\">Pulsar Patagonia<\/strong>&nbsp;garantiza la protecci\u00f3n y confidencialidad de los datos personales que nos proporcionen los usuarios, de acuerdo con lo dispuesto en la <strong data-start=\"2235\" data-end=\"2288\">Ley N\u00b0 19.628 sobre Protecci\u00f3n de la Vida Privada<\/strong> y dem\u00e1s normativa aplicable en Chile.<\/p>\n<p data-start=\"2330\" data-end=\"2424\">Para m\u00e1s informaci\u00f3n, consulte nuestra <strong data-start=\"2369\" data-end=\"2395\">Pol\u00edtica de Privacidad<\/strong> y <strong data-start=\"2398\" data-end=\"2421\">Pol\u00edtica de Cookies<\/strong>.<\/p>\n<hr data-start=\"2426\" data-end=\"2429\">\n<h3 data-start=\"2431\" data-end=\"2476\">6. Legislaci\u00f3n Aplicable y Jurisdicci\u00f3n<\/h3>\n<p data-start=\"468\" data-end=\"852\">Este Aviso Legal se rige por la legislaci\u00f3n chilena. Para la resoluci\u00f3n de cualquier conflicto que pudiera derivarse del acceso o uso del sitio web, el usuario y&nbsp;<span style=\"font-weight: bolder;\">Pulsar&nbsp;<\/span><span data-start=\"2074\" data-end=\"2098\" style=\"font-weight: bolder;\">Patagonia<\/span>&nbsp;acuerdan someterse expresamente a los juzgados y tribunales de la ciudad de Santiago de Chile, con renuncia a cualquier otro fuero que pudiera corresponder.<\/p><p data-start=\"468\" data-end=\"852\">&nbsp;<\/p><p data-start=\"854\" data-end=\"1295\"><span data-start=\"854\" data-end=\"876\" style=\"font-weight: bolder;\">\u00c1mbito Territorial<\/span><\/p><p data-start=\"854\" data-end=\"1295\"><span style=\"font-weight: bolder;\">Pulsar&nbsp;<\/span><span data-start=\"2074\" data-end=\"2098\" style=\"font-weight: bolder;\">Patagonia<\/span>&nbsp;desarrolla sus actividades principalmente en Chile y extiende su alcance a otros pa\u00edses de Latinoam\u00e9rica. En consecuencia, aunque el marco legal de referencia es la normativa chilena, la empresa procurar\u00e1 aplicar principios internacionales de protecci\u00f3n de datos y buenas pr\u00e1cticas reconocidas a nivel regional para garantizar un adecuado nivel de seguridad y transparencia en toda Latinoam\u00e9rica.<\/p>\t\t\t\t\t\t\t\t<\/div>\n\t\t\t\t<\/div>\n\t\t\t\t\t<\/div>\n\t\t\t\t<\/div>\n\t\t\t\t<\/div>\n\t\t","protected":false},"excerpt":{"rendered":"<p>Aviso Legal 1. Identificaci\u00f3n y Titularidad En cumplimiento de la legislaci\u00f3n chilena en materia de comercio electr\u00f3nico y servicios digitales, se exponen los datos identificativos del titular del sitio web: Titular: Pulsar PatagoniaCorreo electr\u00f3nico:&nbsp;dl_legal@pulsarpatagonia.comSitio web: https:\/\/pulsarpatagonia.com 2. Condiciones de Uso El acceso y uso de este sitio web atribuye la condici\u00f3n de usuario, implicando la [&hellip;]<\/p>\n","protected":false},"author":2,"featured_media":0,"parent":0,"menu_order":0,"comment_status":"closed","ping_status":"closed","template":"","meta":{"footnotes":""},"class_list":["post-2257","page","type-page","status-publish","hentry"],"_links":{"self":[{"href":"https:\/\/pulsarpatagonia.com\/index.php\/wp-json\/wp\/v2\/pages\/2257","targetHints":{"allow":["GET"]}}],"collection":[{"href":"https:\/\/pulsarpatagonia.com\/index.php\/wp-json\/wp\/v2\/pages"}],"about":[{"href":"https:\/\/pulsarpatagonia.com\/index.php\/wp-json\/wp\/v2\/types\/page"}],"author":[{"embeddable":true,"href":"https:\/\/pulsarpatagonia.com\/index.php\/wp-json\/wp\/v2\/users\/2"}],"replies":[{"embeddable":true,"href":"https:\/\/pulsarpatagonia.com\/index.php\/wp-json\/wp\/v2\/comments?post=2257"}],"version-history":[{"count":31,"href":"https:\/\/pulsarpatagonia.com\/index.php\/wp-json\/wp\/v2\/pages\/2257\/revisions"}],"predecessor-version":[{"id":2547,"href":"https:\/\/pulsarpatagonia.com\/index.php\/wp-json\/wp\/v2\/pages\/2257\/revisions\/2547"}],"wp:attachment":[{"href":"https:\/\/pulsarpatagonia.com\/index.php\/wp-json\/wp\/v2\/media?parent=2257"}],"curies":[{"name":"wp","href":"https:\/\/api.w.org\/{rel}","templated":true}]}}